{"id":778,"date":"2024-06-26T17:21:31","date_gmt":"2024-06-26T15:21:31","guid":{"rendered":"https:\/\/www.asgolfvlb.fr\/?page_id=778"},"modified":"2026-01-19T11:58:57","modified_gmt":"2026-01-19T10:58:57","slug":"sondage-sorties-2025-2","status":"publish","type":"page","link":"https:\/\/www.asgolfvlb.fr\/index.php\/sondage-sorties-2025-2\/","title":{"rendered":"Sondage sorties 2026"},"content":{"rendered":"\n<p>En vue d&rsquo;\u00e9tablir ult\u00e9rieurement le planning des sorties pour l&rsquo;ann\u00e9e 2026, nous vous demandons de bien vouloir r\u00e9pondre au questionnaire suivant en cochant les cases qui vous int\u00e9ressent, une, plusieurs ou la totalit\u00e9.<br>Merci \u00e0 l&rsquo;avance, le bureau.<\/p>\n\n\n\n<div class=\"wpforms-container wpforms-container-full wpforms-render-modern\" id=\"wpforms-774\"><form id=\"wpforms-form-774\" class=\"wpforms-validate wpforms-form wpforms-ajax-form\" data-formid=\"774\" method=\"post\" enctype=\"multipart\/form-data\" action=\"\/index.php\/wp-json\/wp\/v2\/pages\/778\" data-token=\"8aed14bc55251077af6c648458a7c531\" data-token-time=\"1776207935\"><noscript class=\"wpforms-error-noscript\">Veuillez activer JavaScript dans votre navigateur pour remplir ce formulaire.<\/noscript><div class=\"wpforms-hidden\" id=\"wpforms-error-noscript\">Veuillez activer JavaScript dans votre navigateur pour remplir ce formulaire.<\/div><div class=\"wpforms-field-container\"><div id=\"wpforms-774-field_26-container\" class=\"wpforms-field wpforms-field-select wpforms-field-select-style-classic\" data-field-id=\"26\"><label class=\"wpforms-field-label\" for=\"wpforms-774-field_26\">Sondage<\/label><select id=\"wpforms-774-field_26\" class=\"wpforms-field-medium\" name=\"wpforms[fields][26]\"><option value=\"Sorties 2026\" >Sorties 2026<\/option><\/select><\/div><div id=\"wpforms-774-field_2-container\" class=\"wpforms-field wpforms-field-name\" data-field-id=\"2\"><fieldset><legend class=\"wpforms-field-label\">Nom <span class=\"wpforms-required-label\" aria-hidden=\"true\">*<\/span><\/legend><div class=\"wpforms-field-row wpforms-field-medium\"><div class=\"wpforms-field-row-block wpforms-first wpforms-one-half\"><input type=\"text\" id=\"wpforms-774-field_2\" class=\"wpforms-field-name-first wpforms-field-required\" name=\"wpforms[fields][2][first]\" aria-errormessage=\"wpforms-774-field_2-error\" required><label for=\"wpforms-774-field_2\" class=\"wpforms-field-sublabel after\">Pr\u00e9nom<\/label><\/div><div class=\"wpforms-field-row-block wpforms-one-half\"><input type=\"text\" id=\"wpforms-774-field_2-last\" class=\"wpforms-field-name-last wpforms-field-required\" name=\"wpforms[fields][2][last]\" aria-errormessage=\"wpforms-774-field_2-last-error\" required><label for=\"wpforms-774-field_2-last\" class=\"wpforms-field-sublabel after\">Nom<\/label><\/div><\/div><\/fieldset><\/div><div id=\"wpforms-774-field_3-container\" class=\"wpforms-field wpforms-field-email\" data-field-id=\"3\"><label class=\"wpforms-field-label\" for=\"wpforms-774-field_3\">E-mail <span class=\"wpforms-required-label\" aria-hidden=\"true\">*<\/span><\/label><input type=\"email\" id=\"wpforms-774-field_3\" class=\"wpforms-field-medium wpforms-field-required\" name=\"wpforms[fields][3]\" spellcheck=\"false\" aria-errormessage=\"wpforms-774-field_3-error\" required><\/div><div id=\"wpforms-774-field_17-container\" class=\"wpforms-field wpforms-field-checkbox\" data-field-id=\"17\"><fieldset><legend class=\"wpforms-field-label\">Titulaire d&#039;un abonnement  Ugolf<\/legend><ul id=\"wpforms-774-field_17\"><li class=\"choice-2 depth-1\"><input type=\"checkbox\" id=\"wpforms-774-field_17_2\" name=\"wpforms[fields][17][]\" value=\"Grand Paris\" aria-errormessage=\"wpforms-774-field_17_2-error\"  ><label class=\"wpforms-field-label-inline\" for=\"wpforms-774-field_17_2\">Grand Paris<\/label><\/li><li class=\"choice-3 depth-1\"><input type=\"checkbox\" id=\"wpforms-774-field_17_3\" name=\"wpforms[fields][17][]\" value=\"Paris Sud\" aria-errormessage=\"wpforms-774-field_17_3-error\"  ><label class=\"wpforms-field-label-inline\" for=\"wpforms-774-field_17_3\">Paris Sud<\/label><\/li><li class=\"choice-5 depth-1\"><input type=\"checkbox\" id=\"wpforms-774-field_17_5\" name=\"wpforms[fields][17][]\" value=\"Paris ouest\" aria-errormessage=\"wpforms-774-field_17_5-error\"  ><label class=\"wpforms-field-label-inline\" for=\"wpforms-774-field_17_5\">Paris ouest<\/label><\/li><li class=\"choice-6 depth-1\"><input type=\"checkbox\" id=\"wpforms-774-field_17_6\" name=\"wpforms[fields][17][]\" value=\"Monogolf\" aria-errormessage=\"wpforms-774-field_17_6-error\"  ><label class=\"wpforms-field-label-inline\" for=\"wpforms-774-field_17_6\">Monogolf<\/label><\/li><\/ul><\/fieldset><\/div><div id=\"wpforms-774-field_28-container\" class=\"wpforms-field wpforms-field-checkbox\" data-field-id=\"28\"><fieldset><legend class=\"wpforms-field-label\">Titulaire d&#039;une carte Ugolf (copier)<\/legend><ul id=\"wpforms-774-field_28\"><li class=\"choice-2 depth-1\"><input type=\"checkbox\" id=\"wpforms-774-field_28_2\" name=\"wpforms[fields][28][]\" value=\"Carte Classic\" aria-errormessage=\"wpforms-774-field_28_2-error\"  ><label class=\"wpforms-field-label-inline\" for=\"wpforms-774-field_28_2\">Carte Classic<\/label><\/li><li class=\"choice-3 depth-1\"><input type=\"checkbox\" id=\"wpforms-774-field_28_3\" name=\"wpforms[fields][28][]\" value=\"Carte gold\" aria-errormessage=\"wpforms-774-field_28_3-error\"  ><label class=\"wpforms-field-label-inline\" for=\"wpforms-774-field_28_3\">Carte gold<\/label><\/li><\/ul><\/fieldset><\/div><div id=\"wpforms-774-field_13-container\" class=\"wpforms-field wpforms-field-number-slider\" data-field-id=\"13\"><label class=\"wpforms-field-label\" for=\"wpforms-774-field_13\">Indiquez votre Index ou Niveau sur ce curseur<\/label>\n<input\n\ttype=\"range\"\n\tid=\"wpforms-774-field_13\" class=\"wpforms-field-medium\" name=\"wpforms[fields][13]\" value=\"0\" aria-errormessage=\"wpforms-774-field_13-error\"\t\tmin=\"0\"\n\tmax=\"54\"\n\tstep=\"1\">\n\n<div class=\"wpforms-field-number-slider-hint\"\n\tdata-hint=\"Valeur s\u00e9lectionn\u00e9e\u00a0: {value}\">\n\tValeur s\u00e9lectionn\u00e9e\u00a0: <b>0<\/b><\/div>\n<\/div><\/div><!-- .wpforms-field-container --><div class=\"wpforms-submit-container\" ><input type=\"hidden\" name=\"wpforms[id]\" value=\"774\"><input type=\"hidden\" name=\"page_title\" value=\"\"><input type=\"hidden\" name=\"page_url\" value=\"https:\/\/www.asgolfvlb.fr\/index.php\/wp-json\/wp\/v2\/pages\/778\"><button type=\"submit\" name=\"wpforms[submit]\" id=\"wpforms-submit-774\" class=\"wpforms-submit\" data-alt-text=\"Envoi...\" data-submit-text=\"Envoyer\" aria-live=\"assertive\" value=\"wpforms-submit\">Envoyer<\/button><img loading=\"lazy\" decoding=\"async\" src=\"https:\/\/www.asgolfvlb.fr\/wp-content\/plugins\/wpforms\/assets\/images\/submit-spin.svg\" class=\"wpforms-submit-spinner\" style=\"display: none;\" width=\"26\" height=\"26\" alt=\"Chargement en cours\"><\/div><\/form><\/div>  <!-- .wpforms-container -->\n","protected":false},"excerpt":{"rendered":"<p>En vue d&rsquo;\u00e9tablir ult\u00e9rieurement le planning des sorties pour l&rsquo;ann\u00e9e 2026, nous vous demandons de bien vouloir r\u00e9pondre au questionnaire suivant en cochant les cases qui vous int\u00e9ressent, une, plusieurs ou la totalit\u00e9.Merci \u00e0 l&rsquo;avance, le bureau.<\/p>\n","protected":false},"author":1,"featured_media":0,"parent":0,"menu_order":0,"comment_status":"closed","ping_status":"closed","template":"","meta":{"footnotes":""},"class_list":["post-778","page","type-page","status-publish","hentry","entry"],"_links":{"self":[{"href":"https:\/\/www.asgolfvlb.fr\/index.php\/wp-json\/wp\/v2\/pages\/778","targetHints":{"allow":["GET"]}}],"collection":[{"href":"https:\/\/www.asgolfvlb.fr\/index.php\/wp-json\/wp\/v2\/pages"}],"about":[{"href":"https:\/\/www.asgolfvlb.fr\/index.php\/wp-json\/wp\/v2\/types\/page"}],"author":[{"embeddable":true,"href":"https:\/\/www.asgolfvlb.fr\/index.php\/wp-json\/wp\/v2\/users\/1"}],"replies":[{"embeddable":true,"href":"https:\/\/www.asgolfvlb.fr\/index.php\/wp-json\/wp\/v2\/comments?post=778"}],"version-history":[{"count":4,"href":"https:\/\/www.asgolfvlb.fr\/index.php\/wp-json\/wp\/v2\/pages\/778\/revisions"}],"predecessor-version":[{"id":1288,"href":"https:\/\/www.asgolfvlb.fr\/index.php\/wp-json\/wp\/v2\/pages\/778\/revisions\/1288"}],"wp:attachment":[{"href":"https:\/\/www.asgolfvlb.fr\/index.php\/wp-json\/wp\/v2\/media?parent=778"}],"curies":[{"name":"wp","href":"https:\/\/api.w.org\/{rel}","templated":true}]}}