{"id":7,"date":"2023-12-04T08:47:08","date_gmt":"2023-12-04T07:47:08","guid":{"rendered":"https:\/\/www.asgolfvlb.fr\/?page_id=7"},"modified":"2025-01-07T15:26:22","modified_gmt":"2025-01-07T14:26:22","slug":"contact","status":"publish","type":"page","link":"https:\/\/www.asgolfvlb.fr\/index.php\/contact\/","title":{"rendered":"Contact"},"content":{"rendered":"\n<p>Association Golf Verri\u00e8res le Buisson<\/p>\n\n\n\n<p>Ugolf de Verri\u00e8res le Buisson<\/p>\n\n\n\n<p>Voie de la Vall\u00e9e de la Bi\u00e8vre, 91370 Verri\u00e8res-le-Buisson<\/p>\n\n\n\n<p><a href=\"mailto:accueil@asgolfvlb.fr\">accueil@asgolfvlb.fr<\/a><\/p>\n\n\n\n\n","protected":false},"excerpt":{"rendered":"<p>Association Golf Verri\u00e8res le Buisson Ugolf de Verri\u00e8res le Buisson Voie de la Vall\u00e9e de la Bi\u00e8vre, 91370 Verri\u00e8res-le-Buisson accueil@asgolfvlb.fr<\/p>\n","protected":false},"author":1,"featured_media":0,"parent":0,"menu_order":0,"comment_status":"closed","ping_status":"closed","template":"","meta":{"footnotes":""},"class_list":["post-7","page","type-page","status-publish","hentry","entry"],"_links":{"self":[{"href":"https:\/\/www.asgolfvlb.fr\/index.php\/wp-json\/wp\/v2\/pages\/7","targetHints":{"allow":["GET"]}}],"collection":[{"href":"https:\/\/www.asgolfvlb.fr\/index.php\/wp-json\/wp\/v2\/pages"}],"about":[{"href":"https:\/\/www.asgolfvlb.fr\/index.php\/wp-json\/wp\/v2\/types\/page"}],"author":[{"embeddable":true,"href":"https:\/\/www.asgolfvlb.fr\/index.php\/wp-json\/wp\/v2\/users\/1"}],"replies":[{"embeddable":true,"href":"https:\/\/www.asgolfvlb.fr\/index.php\/wp-json\/wp\/v2\/comments?post=7"}],"version-history":[{"count":7,"href":"https:\/\/www.asgolfvlb.fr\/index.php\/wp-json\/wp\/v2\/pages\/7\/revisions"}],"predecessor-version":[{"id":1036,"href":"https:\/\/www.asgolfvlb.fr\/index.php\/wp-json\/wp\/v2\/pages\/7\/revisions\/1036"}],"wp:attachment":[{"href":"https:\/\/www.asgolfvlb.fr\/index.php\/wp-json\/wp\/v2\/media?parent=7"}],"curies":[{"name":"wp","href":"https:\/\/api.w.org\/{rel}","templated":true}]}}