{"id":68,"date":"2023-12-04T11:43:16","date_gmt":"2023-12-04T10:43:16","guid":{"rendered":"https:\/\/www.asgolfvlb.fr\/?page_id=68"},"modified":"2025-01-07T15:36:06","modified_gmt":"2025-01-07T14:36:06","slug":"actualites","status":"publish","type":"page","link":"https:\/\/www.asgolfvlb.fr\/index.php\/actualites\/","title":{"rendered":"Actualit\u00e9s"},"content":{"rendered":"\n<p><\/p>\n\n\n\n<p><strong>Compte-rendu de l&rsquo;Assembl\u00e9 G\u00e9n\u00e9rale Ordinaire du 11 -01-2025<\/strong><\/p>\n\n\n\n<p>Pour le charger : <strong><a href=\"http:\/\/www.asgolfvlb.fr\/wp-content\/uploads\/2024\/01\/PVAGO-2024.pdf\">cliquer<\/a><\/strong><\/p>\n\n\n\n<p><strong>ADHESION A L&rsquo;ASSOCIATION<\/strong><\/p>\n\n\n\n<p>Pour s&rsquo;inscrire <strong><a href=\"http:\/\/www.asgolfvlb.fr\/wp-content\/uploads\/2024\/01\/ficheadhesion2024.pdf\">cliquer<\/a><\/strong><\/p>\n\n\n\n<p><\/p>\n\n\n\n<p><\/p>\n\n\n\n<figure class=\"wp-block-image size-large is-resized\"><img loading=\"lazy\" decoding=\"async\" width=\"1024\" height=\"359\" src=\"https:\/\/www.asgolfvlb.fr\/wp-content\/uploads\/2023\/12\/image-4-1024x359.png\" alt=\"\" class=\"wp-image-74\" style=\"width:766px;height:auto\" srcset=\"https:\/\/www.asgolfvlb.fr\/wp-content\/uploads\/2023\/12\/image-4-1024x359.png 1024w, https:\/\/www.asgolfvlb.fr\/wp-content\/uploads\/2023\/12\/image-4-300x105.png 300w, https:\/\/www.asgolfvlb.fr\/wp-content\/uploads\/2023\/12\/image-4-768x269.png 768w, https:\/\/www.asgolfvlb.fr\/wp-content\/uploads\/2023\/12\/image-4.png 1260w\" sizes=\"auto, (max-width: 1024px) 100vw, 1024px\" \/><\/figure>\n","protected":false},"excerpt":{"rendered":"<p>Compte-rendu de l&rsquo;Assembl\u00e9 G\u00e9n\u00e9rale Ordinaire du 11 -01-2025 Pour le charger : cliquer ADHESION A L&rsquo;ASSOCIATION Pour s&rsquo;inscrire cliquer<\/p>\n","protected":false},"author":1,"featured_media":0,"parent":0,"menu_order":0,"comment_status":"closed","ping_status":"closed","template":"","meta":{"footnotes":""},"class_list":["post-68","page","type-page","status-publish","hentry","entry"],"_links":{"self":[{"href":"https:\/\/www.asgolfvlb.fr\/index.php\/wp-json\/wp\/v2\/pages\/68","targetHints":{"allow":["GET"]}}],"collection":[{"href":"https:\/\/www.asgolfvlb.fr\/index.php\/wp-json\/wp\/v2\/pages"}],"about":[{"href":"https:\/\/www.asgolfvlb.fr\/index.php\/wp-json\/wp\/v2\/types\/page"}],"author":[{"embeddable":true,"href":"https:\/\/www.asgolfvlb.fr\/index.php\/wp-json\/wp\/v2\/users\/1"}],"replies":[{"embeddable":true,"href":"https:\/\/www.asgolfvlb.fr\/index.php\/wp-json\/wp\/v2\/comments?post=68"}],"version-history":[{"count":34,"href":"https:\/\/www.asgolfvlb.fr\/index.php\/wp-json\/wp\/v2\/pages\/68\/revisions"}],"predecessor-version":[{"id":1046,"href":"https:\/\/www.asgolfvlb.fr\/index.php\/wp-json\/wp\/v2\/pages\/68\/revisions\/1046"}],"wp:attachment":[{"href":"https:\/\/www.asgolfvlb.fr\/index.php\/wp-json\/wp\/v2\/media?parent=68"}],"curies":[{"name":"wp","href":"https:\/\/api.w.org\/{rel}","templated":true}]}}