{"id":1047,"date":"2025-01-07T15:36:50","date_gmt":"2025-01-07T14:36:50","guid":{"rendered":"https:\/\/www.asgolfvlb.fr\/?page_id=1047"},"modified":"2026-01-29T11:55:44","modified_gmt":"2026-01-29T10:55:44","slug":"assemblee-generale","status":"publish","type":"page","link":"https:\/\/www.asgolfvlb.fr\/index.php\/assemblee-generale\/","title":{"rendered":"Assembl\u00e9e G\u00e9nerale"},"content":{"rendered":"\n<p><strong>Compte-rendu de l&rsquo;Assembl\u00e9 G\u00e9n\u00e9rale Ordinaire du 13 -01-2024<\/strong><\/p>\n\n\n\n<p>Pour le charger : <strong><a href=\"http:\/\/www.asgolfvlb.fr\/wp-content\/uploads\/2024\/01\/PVAGO-2024.pdf\">cliquer<\/a><\/strong><\/p>\n\n\n\n<p><strong>Compte-rendu de l&rsquo;Assembl\u00e9 G\u00e9n\u00e9rale Ordinaire du 11 -01-2025<\/strong><\/p>\n\n\n\n<p>Pour le charger : <strong><a href=\"http:\/\/www.asgolfvlb.fr\/wp-content\/uploads\/2025\/01\/pv_ago_20250111.pdf\">cliquer<\/a><\/strong><\/p>\n\n\n\n<p><strong>Compte-rendu de l&rsquo;Assembl\u00e9 G\u00e9n\u00e9rale Ordinaire du 17 -01-202<\/strong>6<\/p>\n\n\n\n<p>Pour le Charger : <strong><a href=\"http:\/\/www.asgolfvlb.fr\/wp-content\/uploads\/2026\/01\/ago2026-certifie-3.pdf\">cliquer<\/a><\/strong><\/p>\n\n\n\n<p><\/p>\n","protected":false},"excerpt":{"rendered":"<p>Compte-rendu de l&rsquo;Assembl\u00e9 G\u00e9n\u00e9rale Ordinaire du 13 -01-2024 Pour le charger : cliquer Compte-rendu de l&rsquo;Assembl\u00e9 G\u00e9n\u00e9rale Ordinaire du 11 -01-2025 Pour le charger : cliquer Compte-rendu de l&rsquo;Assembl\u00e9 G\u00e9n\u00e9rale Ordinaire du 17 -01-2026 Pour le Charger : cliquer<\/p>\n","protected":false},"author":1,"featured_media":0,"parent":0,"menu_order":0,"comment_status":"closed","ping_status":"closed","template":"","meta":{"footnotes":""},"class_list":["post-1047","page","type-page","status-publish","hentry","entry"],"_links":{"self":[{"href":"https:\/\/www.asgolfvlb.fr\/index.php\/wp-json\/wp\/v2\/pages\/1047","targetHints":{"allow":["GET"]}}],"collection":[{"href":"https:\/\/www.asgolfvlb.fr\/index.php\/wp-json\/wp\/v2\/pages"}],"about":[{"href":"https:\/\/www.asgolfvlb.fr\/index.php\/wp-json\/wp\/v2\/types\/page"}],"author":[{"embeddable":true,"href":"https:\/\/www.asgolfvlb.fr\/index.php\/wp-json\/wp\/v2\/users\/1"}],"replies":[{"embeddable":true,"href":"https:\/\/www.asgolfvlb.fr\/index.php\/wp-json\/wp\/v2\/comments?post=1047"}],"version-history":[{"count":7,"href":"https:\/\/www.asgolfvlb.fr\/index.php\/wp-json\/wp\/v2\/pages\/1047\/revisions"}],"predecessor-version":[{"id":1355,"href":"https:\/\/www.asgolfvlb.fr\/index.php\/wp-json\/wp\/v2\/pages\/1047\/revisions\/1355"}],"wp:attachment":[{"href":"https:\/\/www.asgolfvlb.fr\/index.php\/wp-json\/wp\/v2\/media?parent=1047"}],"curies":[{"name":"wp","href":"https:\/\/api.w.org\/{rel}","templated":true}]}}